{"id":43,"date":"2025-06-20T22:06:24","date_gmt":"2025-06-20T22:06:24","guid":{"rendered":"https:\/\/lcprojekt.com.pl\/?page_id=43"},"modified":"2025-07-09T08:29:12","modified_gmt":"2025-07-09T08:29:12","slug":"przebudowa-rowu-budowa-przepustu-na-rowie","status":"publish","type":"page","link":"https:\/\/lcprojekt.com.pl\/index.php\/przebudowa-rowu-budowa-przepustu-na-rowie\/","title":{"rendered":"Przebudowa rowu &#8211; budowa przepustu na rowie"},"content":{"rendered":"\n<p><strong>Ustawa z dnia 20 lipca 2017 r. Prawo Wodne:<\/strong><\/p>\n\n\n\n<p><strong>Art. 389:<\/strong> &#8220;Pozwolenie wodnoprawne jest wymagane na:<\/p>\n\n\n\n<p>6) wykonanie urz\u0105dze\u0144 wodnych<\/p>\n\n\n\n<p><strong>Art. 16 pkt 65:<\/strong> urz\u0105dzenia wodne \u2013 rozumie si\u0119 przez to urz\u0105dzenia lub budowle s\u0142u\u017c\u0105ce do<br>kszta\u0142towania zasob\u00f3w wodnych lub korzystania z tych zasob\u00f3w, w tym:<\/p>\n\n\n\n<p>a) urz\u0105dzenia lub budowle pi\u0119trz\u0105ce, przeciwpowodziowe i regulacyjne,<br>a tak\u017ce kana\u0142y i rowy<\/p>\n\n\n\n<p><strong>Art. 17. 1. <\/strong>Przepisy ustawy dotycz\u0105ce:<\/p>\n\n\n\n<p><strong>4) <\/strong>wykonania urz\u0105dze\u0144 wodnych \u2013 stosuje si\u0119 odpowiednio do odbudowy,<br>rozbudowy, nadbudowy, przebudowy, rozbi\u00f3rki lub likwidacji tych urz\u0105dze\u0144,<br>z wy\u0142\u0105czeniem rob\u00f3t zwi\u0105zanych z utrzymywaniem urz\u0105dze\u0144 wodnych w celu<br>zachowania ich funkcji.<\/p>\n\n\n\n<p><strong>Art. 394. 1. <\/strong>Zg\u0142oszenia wodnoprawnego wymaga:<\/p>\n\n\n\n<p><strong>10) <\/strong>przebudowa rowu polegaj\u0105ca na wykonaniu przepustu lub innego przekroju<br>zamkni\u0119tego na d\u0142ugo\u015bci nie wi\u0119kszej ni\u017c <em>10 m<\/em>;<\/p>\n\n\n\n<p><strong>Ustawa z dnia 7 lipca 1994 r. &#8211; Prawo budowlane:<\/strong><\/p>\n\n\n\n<p><strong>Art. 3. <\/strong>Ilekro\u0107 w ustawie jest mowa o:<\/p>\n\n\n\n<p><strong>3) <\/strong>budowli \u2013 nale\u017cy przez to rozumie\u0107: (&#8230;) przepusty<\/p>\n\n\n\n<p><strong>Art. 29. <\/strong>Nie wymaga decyzji o pozwoleniu na budow\u0119 oraz zg\u0142oszenia, o kt\u00f3rym mowa w art. 30, budowa:<\/p>\n\n\n\n<p><strong>12) <\/strong>przepust\u00f3w o przekroju wewn\u0119trznym do <strong>0,85 m<sup>2<\/sup><\/strong> (D<sub>wew<\/sub>>1,04 m).<br><\/p>\n","protected":false},"excerpt":{"rendered":"<p>Ustawa z dnia 20 lipca 2017 r. Prawo Wodne: Art. 389: &#8220;Pozwolenie wodnoprawne jest wymagane na: 6) wykonanie urz\u0105dze\u0144 wodnych Art. 16 pkt 65: urz\u0105dzenia wodne \u2013 rozumie si\u0119 przez<\/p>\n<p><a href=\"https:\/\/lcprojekt.com.pl\/index.php\/przebudowa-rowu-budowa-przepustu-na-rowie\/\" class=\"more-link\">Continue reading<span class=\"screen-reader-text\">Przebudowa rowu &#8211; budowa przepustu na rowie<\/span><\/a><\/p>\n","protected":false},"author":1,"featured_media":0,"parent":0,"menu_order":0,"comment_status":"closed","ping_status":"closed","template":"","meta":{"footnotes":""},"class_list":["post-43","page","type-page","status-publish","hentry"],"_links":{"self":[{"href":"https:\/\/lcprojekt.com.pl\/index.php\/wp-json\/wp\/v2\/pages\/43","targetHints":{"allow":["GET"]}}],"collection":[{"href":"https:\/\/lcprojekt.com.pl\/index.php\/wp-json\/wp\/v2\/pages"}],"about":[{"href":"https:\/\/lcprojekt.com.pl\/index.php\/wp-json\/wp\/v2\/types\/page"}],"author":[{"embeddable":true,"href":"https:\/\/lcprojekt.com.pl\/index.php\/wp-json\/wp\/v2\/users\/1"}],"replies":[{"embeddable":true,"href":"https:\/\/lcprojekt.com.pl\/index.php\/wp-json\/wp\/v2\/comments?post=43"}],"version-history":[{"count":5,"href":"https:\/\/lcprojekt.com.pl\/index.php\/wp-json\/wp\/v2\/pages\/43\/revisions"}],"predecessor-version":[{"id":69,"href":"https:\/\/lcprojekt.com.pl\/index.php\/wp-json\/wp\/v2\/pages\/43\/revisions\/69"}],"wp:attachment":[{"href":"https:\/\/lcprojekt.com.pl\/index.php\/wp-json\/wp\/v2\/media?parent=43"}],"curies":[{"name":"wp","href":"https:\/\/api.w.org\/{rel}","templated":true}]}}