{"id":39,"date":"2025-06-20T22:05:12","date_gmt":"2025-06-20T22:05:12","guid":{"rendered":"https:\/\/lcprojekt.com.pl\/?page_id=39"},"modified":"2025-06-20T22:17:46","modified_gmt":"2025-06-20T22:17:46","slug":"prowadzenie-przez-wody-powierzchniowe-plynace","status":"publish","type":"page","link":"https:\/\/lcprojekt.com.pl\/index.php\/prowadzenie-przez-wody-powierzchniowe-plynace\/","title":{"rendered":"Prowadzenie przez wody powierzchniowe p\u0142yn\u0105ce"},"content":{"rendered":"\n<p>\u2022\u00a0\u00a0\u00a0\u00a0\u00a0\u00a0\u00a0\u00a0\u00a0 Ustawa z dnia 20 lipca 2017 r.:  art. 389 pkt 9).<\/p>\n\n\n\n<p><strong>Art. 389.<\/strong> &#8220;(&#8230;) Pozwolenie wodnoprawne jest wymagane na:<\/p>\n\n\n\n<p>9) prowadzenie przez wody powierzchniowe p\u0142yn\u0105ce oraz przez wa\u0142y<br>przeciwpowodziowe obiekt\u00f3w mostowych, ruroci\u0105g\u00f3w, przewod\u00f3w<br>w ruroci\u0105gach os\u0142onowych lub przepust\u00f3w;<\/p>\n\n\n\n<p><\/p>\n","protected":false},"excerpt":{"rendered":"<p>\u2022\u00a0\u00a0\u00a0\u00a0\u00a0\u00a0\u00a0\u00a0\u00a0 Ustawa z dnia 20 lipca 2017 r.: art. 389 pkt 9). Art. 389. &#8220;(&#8230;) Pozwolenie wodnoprawne jest wymagane na: 9) prowadzenie przez wody powierzchniowe p\u0142yn\u0105ce oraz przez wa\u0142yprzeciwpowodziowe obiekt\u00f3w<\/p>\n<p><a href=\"https:\/\/lcprojekt.com.pl\/index.php\/prowadzenie-przez-wody-powierzchniowe-plynace\/\" class=\"more-link\">Continue reading<span class=\"screen-reader-text\">Prowadzenie przez wody powierzchniowe p\u0142yn\u0105ce<\/span><\/a><\/p>\n","protected":false},"author":1,"featured_media":0,"parent":0,"menu_order":0,"comment_status":"closed","ping_status":"closed","template":"","meta":{"footnotes":""},"class_list":["post-39","page","type-page","status-publish","hentry"],"_links":{"self":[{"href":"https:\/\/lcprojekt.com.pl\/index.php\/wp-json\/wp\/v2\/pages\/39","targetHints":{"allow":["GET"]}}],"collection":[{"href":"https:\/\/lcprojekt.com.pl\/index.php\/wp-json\/wp\/v2\/pages"}],"about":[{"href":"https:\/\/lcprojekt.com.pl\/index.php\/wp-json\/wp\/v2\/types\/page"}],"author":[{"embeddable":true,"href":"https:\/\/lcprojekt.com.pl\/index.php\/wp-json\/wp\/v2\/users\/1"}],"replies":[{"embeddable":true,"href":"https:\/\/lcprojekt.com.pl\/index.php\/wp-json\/wp\/v2\/comments?post=39"}],"version-history":[{"count":3,"href":"https:\/\/lcprojekt.com.pl\/index.php\/wp-json\/wp\/v2\/pages\/39\/revisions"}],"predecessor-version":[{"id":50,"href":"https:\/\/lcprojekt.com.pl\/index.php\/wp-json\/wp\/v2\/pages\/39\/revisions\/50"}],"wp:attachment":[{"href":"https:\/\/lcprojekt.com.pl\/index.php\/wp-json\/wp\/v2\/media?parent=39"}],"curies":[{"name":"wp","href":"https:\/\/api.w.org\/{rel}","templated":true}]}}